{"id":327,"date":"2024-11-21T16:52:42","date_gmt":"2024-11-21T15:52:42","guid":{"rendered":"https:\/\/flowhms.com\/?page_id=327"},"modified":"2024-12-23T09:42:36","modified_gmt":"2024-12-23T08:42:36","slug":"ugyfeleink","status":"publish","type":"page","link":"https:\/\/flowhms.com\/en\/ugyfeleink\/","title":{"rendered":"Our customer stories"},"content":{"rendered":"<div data-elementor-type=\"wp-page\" data-elementor-id=\"327\" class=\"elementor elementor-327\" data-elementor-post-type=\"page\">\n\t\t\t\t<div data-dce-background-image-url=\"https:\/\/flowhms.com\/wp-content\/uploads\/2024\/12\/flow-pms-szoftver-ugyfelek.jpg\" class=\"elementor-element elementor-element-fc4c6e2 e-flex e-con-boxed e-con e-parent\" data-id=\"fc4c6e2\" data-element_type=\"container\" data-settings=\"{&quot;background_background&quot;:&quot;classic&quot;}\">\n\t\t\t\t\t<div class=\"e-con-inner\">\n\t\t\t\t\t<\/div>\n\t\t\t\t<\/div>\n\t\t<div class=\"elementor-element elementor-element-7bd105b e-flex e-con-boxed e-con e-parent\" data-id=\"7bd105b\" data-element_type=\"container\">\n\t\t\t\t\t<div class=\"e-con-inner\">\n\t\t\t\t<div class=\"elementor-element elementor-element-820c516 elementor-widget elementor-widget-spacer\" data-id=\"820c516\" data-element_type=\"widget\" data-widget_type=\"spacer.default\">\n\t\t\t\t<div class=\"elementor-widget-container\">\n\t\t\t\t\t\t\t<div class=\"elementor-spacer\">\n\t\t\t<div class=\"elementor-spacer-inner\"><\/div>\n\t\t<\/div>\n\t\t\t\t\t\t<\/div>\n\t\t\t\t<\/div>\n\t\t\t\t<div class=\"elementor-element elementor-element-a9bfeac elementor-widget elementor-widget-text-editor\" data-id=\"a9bfeac\" data-element_type=\"widget\" data-widget_type=\"text-editor.default\">\n\t\t\t\t<div class=\"elementor-widget-container\">\n\t\t\t\t\t\t\t\t\tJoin our list of customers who are using the Flow PMS system to automate and simplify their everyday\noperations. \t\t\t\t\t\t\t\t<\/div>\n\t\t\t\t<\/div>\n\t\t\t\t\t<\/div>\n\t\t\t\t<\/div>\n\t\t<div class=\"elementor-element elementor-element-b3e0998 e-flex e-con-boxed e-con e-parent\" data-id=\"b3e0998\" data-element_type=\"container\">\n\t\t\t\t\t<div class=\"e-con-inner\">\n\t\t\t\t<div class=\"dce-fix-background-loop elementor-element elementor-element-941f88c elementor-widget elementor-widget-dce-acf-repeater-v2\" data-id=\"941f88c\" data-element_type=\"widget\" data-settings=\"{&quot;dce_acf_repeater_format&quot;:&quot;grid&quot;}\" data-widget_type=\"dce-acf-repeater-v2.default\">\n\t\t\t\t<div class=\"elementor-widget-container\">\n\t\t\t\t\t<div class=\"dce-acf-repeater\"><div class=\"dce-acf-repeater-grid\"><div class=\"dce-acf-repeater-item\">\t\t<div data-elementor-type=\"section\" data-elementor-id=\"310\" class=\"elementor elementor-310 dce-elementor-rendering-id-1\" data-elementor-post-type=\"elementor_library\">\n\t\t\t<div class=\"elementor-element elementor-element-3ea63e0 e-flex e-con-boxed e-con e-parent\" data-id=\"3ea63e0\" data-element_type=\"container\">\n\t\t\t\t\t<div class=\"e-con-inner\">\n\t\t<div class=\"elementor-element elementor-element-7d9b4bc e-con-full e-flex e-con e-child\" data-id=\"7d9b4bc\" data-element_type=\"container\" data-settings=\"{&quot;background_background&quot;:&quot;classic&quot;}\">\n\t\t\t\t<div data-dce-background-overlay-color=\"#E7597E00\" class=\"elementor-element elementor-element-eedd8b5 forcewidth-yes image_aspect_ratio use-bg0 elementor-widget elementor-widget-dyncontel-acf\" data-id=\"eedd8b5\" data-element_type=\"widget\" data-settings=\"{&quot;acf_field_list&quot;:&quot;ugyfel_kartya_kep&quot;,&quot;acf_type&quot;:&quot;image&quot;}\" data-widget_type=\"dyncontel-acf.default\">\n\t\t\t\t<div class=\"elementor-widget-container\">\n\t\t\t\t\t<div class=\"dynamic-content-for-elementor-acf\"><div class=\"acf-image\"><div class=\"mask\"><div class=\"wrap-filters\"><img decoding=\"async\" src=\"https:\/\/flowhms.com\/wp-content\/uploads\/2024\/12\/flow-pms-szallashelykezelo-szoftver-ugyfel-budapest-1024x683.jpg\" alt=\"Flow PMS sz\u00e1ll\u00e1shelykezel\u0151 szoftver \u00fcgyf\u00e9l Budapest\" \/><\/div><\/div><div class=\"dce-overlay\"><\/div><div class=\"dce-overlay_hover\"><\/div><\/div><\/div>\t\t\t\t<\/div>\n\t\t\t\t<\/div>\n\t\t\t\t<div class=\"elementor-element elementor-element-80b7bd2 align-dce-left elementor-widget elementor-widget-dyncontel-acf\" data-id=\"80b7bd2\" data-element_type=\"widget\" data-settings=\"{&quot;acf_field_list&quot;:&quot;ugyfel_varos&quot;,&quot;acf_type&quot;:&quot;text&quot;}\" data-widget_type=\"dyncontel-acf.default\">\n\t\t\t\t<div class=\"elementor-widget-container\">\n\t\t\t\t\t<h2 class=\"dynamic-content-for-elementor-acf\">Budapest<\/h2>\t\t\t\t<\/div>\n\t\t\t\t<\/div>\n\t\t\t\t<\/div>\n\t\t<div data-dce-background-color=\"#CFCFCF\" class=\"elementor-element elementor-element-5b98f99 e-con-full e-flex e-con e-child\" data-id=\"5b98f99\" data-element_type=\"container\" data-settings=\"{&quot;background_background&quot;:&quot;classic&quot;}\">\n\t\t\t\t<div class=\"elementor-element elementor-element-567bfcf elementor-widget elementor-widget-dyncontel-acf\" data-id=\"567bfcf\" data-element_type=\"widget\" data-settings=\"{&quot;acf_field_list&quot;:&quot;ugyfel_visszajelzes&quot;,&quot;acf_type&quot;:&quot;textarea&quot;}\" data-widget_type=\"dyncontel-acf.default\">\n\t\t\t\t<div class=\"elementor-widget-container\">\n\t\t\t\t\t<h3 class=\"dynamic-content-for-elementor-acf\">\u201cWe received a whole ecosystem\nthat helps our hotel operation.\nNow we are providing a digital\nhotel experience to our guests as\nwell as operating our whole\nproperty in a green, automated\nand effective way.\u201d<\/h3>\t\t\t\t<\/div>\n\t\t\t\t<\/div>\n\t\t\t\t<div class=\"elementor-element elementor-element-cce9efe elementor-widget elementor-widget-dyncontel-acf\" data-id=\"cce9efe\" data-element_type=\"widget\" data-settings=\"{&quot;acf_field_list&quot;:&quot;kitol_jott_a_visszajelzest&quot;,&quot;acf_type&quot;:&quot;textarea&quot;}\" data-widget_type=\"dyncontel-acf.default\">\n\t\t\t\t<div class=\"elementor-widget-container\">\n\t\t\t\t\t<h3 class=\"dynamic-content-for-elementor-acf\">- HOTEL OWNER<\/h3>\t\t\t\t<\/div>\n\t\t\t\t<\/div>\n\t\t\t\t<\/div>\n\t\t\t\t\t<\/div>\n\t\t\t\t<\/div>\n\t\t\t\t<\/div>\n\t\t<\/div><div class=\"dce-acf-repeater-item\">\t\t<div data-elementor-type=\"section\" data-elementor-id=\"310\" class=\"elementor elementor-310 dce-elementor-rendering-id-2\" data-elementor-post-type=\"elementor_library\">\n\t\t\t<div class=\"elementor-element elementor-element-3ea63e0 e-flex e-con-boxed e-con e-parent\" data-id=\"3ea63e0\" data-element_type=\"container\">\n\t\t\t\t\t<div class=\"e-con-inner\">\n\t\t<div class=\"elementor-element elementor-element-7d9b4bc e-con-full e-flex e-con e-child\" data-id=\"7d9b4bc\" data-element_type=\"container\" data-settings=\"{&quot;background_background&quot;:&quot;classic&quot;}\">\n\t\t\t\t<div data-dce-background-overlay-color=\"#E7597E00\" class=\"elementor-element elementor-element-eedd8b5 forcewidth-yes image_aspect_ratio use-bg0 elementor-widget elementor-widget-dyncontel-acf\" data-id=\"eedd8b5\" data-element_type=\"widget\" data-settings=\"{&quot;acf_field_list&quot;:&quot;ugyfel_kartya_kep&quot;,&quot;acf_type&quot;:&quot;image&quot;}\" data-widget_type=\"dyncontel-acf.default\">\n\t\t\t\t<div class=\"elementor-widget-container\">\n\t\t\t\t\t<div class=\"dynamic-content-for-elementor-acf\"><div class=\"acf-image\"><div class=\"mask\"><div class=\"wrap-filters\"><img decoding=\"async\" src=\"https:\/\/flowhms.com\/wp-content\/uploads\/2024\/12\/flow-pms-szallashelykezelo-szoftver-ugyfel-debrecen-1024x683.jpg\" alt=\"Flow PMS sz\u00e1ll\u00e1shelykezel\u0151 szoftver \u00fcgyf\u00e9l Debrecen\" \/><\/div><\/div><div class=\"dce-overlay\"><\/div><div class=\"dce-overlay_hover\"><\/div><\/div><\/div>\t\t\t\t<\/div>\n\t\t\t\t<\/div>\n\t\t\t\t<div class=\"elementor-element elementor-element-80b7bd2 align-dce-left elementor-widget elementor-widget-dyncontel-acf\" data-id=\"80b7bd2\" data-element_type=\"widget\" data-settings=\"{&quot;acf_field_list&quot;:&quot;ugyfel_varos&quot;,&quot;acf_type&quot;:&quot;text&quot;}\" data-widget_type=\"dyncontel-acf.default\">\n\t\t\t\t<div class=\"elementor-widget-container\">\n\t\t\t\t\t<h2 class=\"dynamic-content-for-elementor-acf\">Debrecen<\/h2>\t\t\t\t<\/div>\n\t\t\t\t<\/div>\n\t\t\t\t<\/div>\n\t\t<div data-dce-background-color=\"#CFCFCF\" class=\"elementor-element elementor-element-5b98f99 e-con-full e-flex e-con e-child\" data-id=\"5b98f99\" data-element_type=\"container\" data-settings=\"{&quot;background_background&quot;:&quot;classic&quot;}\">\n\t\t\t\t<div class=\"elementor-element elementor-element-567bfcf elementor-widget elementor-widget-dyncontel-acf\" data-id=\"567bfcf\" data-element_type=\"widget\" data-settings=\"{&quot;acf_field_list&quot;:&quot;ugyfel_visszajelzes&quot;,&quot;acf_type&quot;:&quot;textarea&quot;}\" data-widget_type=\"dyncontel-acf.default\">\n\t\t\t\t<div class=\"elementor-widget-container\">\n\t\t\t\t\t<h3 class=\"dynamic-content-for-elementor-acf\">\u201cPreviously, I had to handle a massive\namount of administrative work, but\nsince I started using this system, the\noperational process has become much\neasier for me. Whenever I encounter\nany issues, I always receive reliable\nsupport. I have numerous positive\nexperiences and confidently\nrecommend them to everyone.\u201d<\/h3>\t\t\t\t<\/div>\n\t\t\t\t<\/div>\n\t\t\t\t<div class=\"elementor-element elementor-element-cce9efe elementor-widget elementor-widget-dyncontel-acf\" data-id=\"cce9efe\" data-element_type=\"widget\" data-settings=\"{&quot;acf_field_list&quot;:&quot;kitol_jott_a_visszajelzest&quot;,&quot;acf_type&quot;:&quot;textarea&quot;}\" data-widget_type=\"dyncontel-acf.default\">\n\t\t\t\t<div class=\"elementor-widget-container\">\n\t\t\t\t\t<h3 class=\"dynamic-content-for-elementor-acf\">- BUSINESS\nDEVELOPMENT MANAGER<\/h3>\t\t\t\t<\/div>\n\t\t\t\t<\/div>\n\t\t\t\t<\/div>\n\t\t\t\t\t<\/div>\n\t\t\t\t<\/div>\n\t\t\t\t<\/div>\n\t\t<\/div><div class=\"dce-acf-repeater-item\">\t\t<div data-elementor-type=\"section\" data-elementor-id=\"310\" class=\"elementor elementor-310 dce-elementor-rendering-id-3\" data-elementor-post-type=\"elementor_library\">\n\t\t\t<div class=\"elementor-element elementor-element-3ea63e0 e-flex e-con-boxed e-con e-parent\" data-id=\"3ea63e0\" data-element_type=\"container\">\n\t\t\t\t\t<div class=\"e-con-inner\">\n\t\t<div class=\"elementor-element elementor-element-7d9b4bc e-con-full e-flex e-con e-child\" data-id=\"7d9b4bc\" data-element_type=\"container\" data-settings=\"{&quot;background_background&quot;:&quot;classic&quot;}\">\n\t\t\t\t<div data-dce-background-overlay-color=\"#E7597E00\" class=\"elementor-element elementor-element-eedd8b5 forcewidth-yes image_aspect_ratio use-bg0 elementor-widget elementor-widget-dyncontel-acf\" data-id=\"eedd8b5\" data-element_type=\"widget\" data-settings=\"{&quot;acf_field_list&quot;:&quot;ugyfel_kartya_kep&quot;,&quot;acf_type&quot;:&quot;image&quot;}\" data-widget_type=\"dyncontel-acf.default\">\n\t\t\t\t<div class=\"elementor-widget-container\">\n\t\t\t\t\t<div class=\"dynamic-content-for-elementor-acf\"><div class=\"acf-image\"><div class=\"mask\"><div class=\"wrap-filters\"><img decoding=\"async\" src=\"https:\/\/flowhms.com\/wp-content\/uploads\/2024\/12\/flow-pms-szallashelykezelo-szoftver-ugyfel-gyula.jpg\" alt=\"Flow PMS sz\u00e1ll\u00e1shelykezel\u0151 szoftver \u00fcgyf\u00e9l Gyula\" \/><\/div><\/div><div class=\"dce-overlay\"><\/div><div class=\"dce-overlay_hover\"><\/div><\/div><\/div>\t\t\t\t<\/div>\n\t\t\t\t<\/div>\n\t\t\t\t<div class=\"elementor-element elementor-element-80b7bd2 align-dce-left elementor-widget elementor-widget-dyncontel-acf\" data-id=\"80b7bd2\" data-element_type=\"widget\" data-settings=\"{&quot;acf_field_list&quot;:&quot;ugyfel_varos&quot;,&quot;acf_type&quot;:&quot;text&quot;}\" data-widget_type=\"dyncontel-acf.default\">\n\t\t\t\t<div class=\"elementor-widget-container\">\n\t\t\t\t\t<h2 class=\"dynamic-content-for-elementor-acf\">Gyula<\/h2>\t\t\t\t<\/div>\n\t\t\t\t<\/div>\n\t\t\t\t<\/div>\n\t\t<div data-dce-background-color=\"#CFCFCF\" class=\"elementor-element elementor-element-5b98f99 e-con-full e-flex e-con e-child\" data-id=\"5b98f99\" data-element_type=\"container\" data-settings=\"{&quot;background_background&quot;:&quot;classic&quot;}\">\n\t\t\t\t<div class=\"elementor-element elementor-element-567bfcf elementor-widget elementor-widget-dyncontel-acf\" data-id=\"567bfcf\" data-element_type=\"widget\" data-settings=\"{&quot;acf_field_list&quot;:&quot;ugyfel_visszajelzes&quot;,&quot;acf_type&quot;:&quot;textarea&quot;}\" data-widget_type=\"dyncontel-acf.default\">\n\t\t\t\t<div class=\"elementor-widget-container\">\n\t\t\t\t\t<h3 class=\"dynamic-content-for-elementor-acf\">\u201cThe system is user-friendly and easy to\nhandle. The biggest advantage is that all\nprocesses can be connected. By\nautomating the reservation, payment,\ninvoicing and data reporting processes,\nit saves me a lot of time. Automatic\nprocesses also significantly reduce the\npossibility of errors.\u201d<\/h3>\t\t\t\t<\/div>\n\t\t\t\t<\/div>\n\t\t\t\t<div class=\"elementor-element elementor-element-cce9efe elementor-widget elementor-widget-dyncontel-acf\" data-id=\"cce9efe\" data-element_type=\"widget\" data-settings=\"{&quot;acf_field_list&quot;:&quot;kitol_jott_a_visszajelzest&quot;,&quot;acf_type&quot;:&quot;textarea&quot;}\" data-widget_type=\"dyncontel-acf.default\">\n\t\t\t\t<div class=\"elementor-widget-container\">\n\t\t\t\t\t<h3 class=\"dynamic-content-for-elementor-acf\">- APARTMENT\nOWNER<\/h3>\t\t\t\t<\/div>\n\t\t\t\t<\/div>\n\t\t\t\t<\/div>\n\t\t\t\t\t<\/div>\n\t\t\t\t<\/div>\n\t\t\t\t<\/div>\n\t\t<\/div><\/div><\/div>\t\t\t\t<\/div>\n\t\t\t\t<\/div>\n\t\t\t\t<div class=\"elementor-element elementor-element-9119b87 elementor-align-right elementor-widget elementor-widget-button\" data-id=\"9119b87\" data-element_type=\"widget\" data-widget_type=\"button.default\">\n\t\t\t\t<div class=\"elementor-widget-container\">\n\t\t\t\t\t\t\t\t\t<div class=\"elementor-button-wrapper\">\n\t\t\t\t\t<a class=\"elementor-button elementor-button-link elementor-size-sm\" href=\"#\">\n\t\t\t\t\t\t<span class=\"elementor-button-content-wrapper\">\n\t\t\t\t\t\t\t\t\t<span class=\"elementor-button-text\">Book a demo<\/span>\n\t\t\t\t\t<\/span>\n\t\t\t\t\t<\/a>\n\t\t\t\t<\/div>\n\t\t\t\t\t\t\t\t<\/div>\n\t\t\t\t<\/div>\n\t\t\t\t<div class=\"elementor-element elementor-element-9c1c521 elementor-widget elementor-widget-spacer\" data-id=\"9c1c521\" data-element_type=\"widget\" data-widget_type=\"spacer.default\">\n\t\t\t\t<div class=\"elementor-widget-container\">\n\t\t\t\t\t\t\t<div class=\"elementor-spacer\">\n\t\t\t<div class=\"elementor-spacer-inner\"><\/div>\n\t\t<\/div>\n\t\t\t\t\t\t<\/div>\n\t\t\t\t<\/div>\n\t\t\t\t\t<\/div>\n\t\t\t\t<\/div>\n\t\t\t\t<\/div>","protected":false},"excerpt":{"rendered":"<p>Ingyenes demo Aj\u00e1nlatunk &nbsp; Oktat\u00e1s &nbsp; Tud\u00e1sb\u00e1zis &nbsp; \u00c1raz\u00e1si tan\u00e1csad\u00e1s &nbsp; \u00dczemeltet\u00e9si k\u00e9zik\u00f6nyv<\/p>","protected":false},"author":1,"featured_media":0,"parent":0,"menu_order":0,"comment_status":"closed","ping_status":"closed","template":"","meta":{"_acf_changed":false,"footnotes":""},"class_list":["post-327","page","type-page","status-publish","hentry"],"acf":[],"yoast_head":"<!-- This site is optimized with the Yoast SEO Premium plugin v24.2 (Yoast SEO v24.2) - https:\/\/yoast.com\/wordpress\/plugins\/seo\/ -->\n<title>\u00dcgyfeleink - Flow HMS<\/title>\n<meta name=\"robots\" content=\"index, follow, max-snippet:-1, max-image-preview:large, max-video-preview:-1\" \/>\n<link rel=\"canonical\" href=\"https:\/\/flowhms.com\/en\/ugyfeleink\/\" \/>\n<meta property=\"og:locale\" content=\"en_US\" \/>\n<meta property=\"og:type\" content=\"article\" \/>\n<meta property=\"og:title\" content=\"\u00dcgyfeleink\" \/>\n<meta property=\"og:description\" content=\"Ingyenes demo Aj\u00e1nlatunk &nbsp; Oktat\u00e1s &nbsp; Tud\u00e1sb\u00e1zis &nbsp; \u00c1raz\u00e1si tan\u00e1csad\u00e1s &nbsp; \u00dczemeltet\u00e9si k\u00e9zik\u00f6nyv\" \/>\n<meta property=\"og:url\" content=\"https:\/\/flowhms.com\/en\/ugyfeleink\/\" \/>\n<meta property=\"og:site_name\" content=\"Flow HMS\" \/>\n<meta property=\"article:modified_time\" content=\"2024-12-23T08:42:36+00:00\" \/>\n<meta property=\"og:image\" content=\"https:\/\/flowhms.com\/wp-content\/uploads\/2024\/11\/Talking-Knowledge-300x300.png\" \/>\n<meta name=\"twitter:card\" content=\"summary_large_image\" \/>\n<script type=\"application\/ld+json\" class=\"yoast-schema-graph\">{\"@context\":\"https:\/\/schema.org\",\"@graph\":[{\"@type\":\"WebPage\",\"@id\":\"https:\/\/flowhms.com\/ugyfeleink\/\",\"url\":\"https:\/\/flowhms.com\/ugyfeleink\/\",\"name\":\"\u00dcgyfeleink - Flow HMS\",\"isPartOf\":{\"@id\":\"https:\/\/flowhms.com\/#website\"},\"primaryImageOfPage\":{\"@id\":\"https:\/\/flowhms.com\/ugyfeleink\/#primaryimage\"},\"image\":{\"@id\":\"https:\/\/flowhms.com\/ugyfeleink\/#primaryimage\"},\"thumbnailUrl\":\"https:\/\/flowhms.com\/wp-content\/uploads\/2024\/11\/Talking-Knowledge-300x300.png\",\"datePublished\":\"2024-11-21T15:52:42+00:00\",\"dateModified\":\"2024-12-23T08:42:36+00:00\",\"breadcrumb\":{\"@id\":\"https:\/\/flowhms.com\/ugyfeleink\/#breadcrumb\"},\"inLanguage\":\"en-US\",\"potentialAction\":[{\"@type\":\"ReadAction\",\"target\":[\"https:\/\/flowhms.com\/ugyfeleink\/\"]}]},{\"@type\":\"ImageObject\",\"inLanguage\":\"en-US\",\"@id\":\"https:\/\/flowhms.com\/ugyfeleink\/#primaryimage\",\"url\":\"https:\/\/flowhms.com\/wp-content\/uploads\/2024\/11\/Talking-Knowledge-300x300.png\",\"contentUrl\":\"https:\/\/flowhms.com\/wp-content\/uploads\/2024\/11\/Talking-Knowledge-300x300.png\"},{\"@type\":\"BreadcrumbList\",\"@id\":\"https:\/\/flowhms.com\/ugyfeleink\/#breadcrumb\",\"itemListElement\":[{\"@type\":\"ListItem\",\"position\":1,\"name\":\"Kezd\u0151lap\",\"item\":\"https:\/\/flowhms.com\/\"},{\"@type\":\"ListItem\",\"position\":2,\"name\":\"\u00dcgyfeleink\"}]},{\"@type\":\"WebSite\",\"@id\":\"https:\/\/flowhms.com\/#website\",\"url\":\"https:\/\/flowhms.com\/\",\"name\":\"Flow HMS\",\"description\":\"\",\"publisher\":{\"@id\":\"https:\/\/flowhms.com\/#organization\"},\"potentialAction\":[{\"@type\":\"SearchAction\",\"target\":{\"@type\":\"EntryPoint\",\"urlTemplate\":\"https:\/\/flowhms.com\/?s={search_term_string}\"},\"query-input\":{\"@type\":\"PropertyValueSpecification\",\"valueRequired\":true,\"valueName\":\"search_term_string\"}}],\"inLanguage\":\"en-US\"},{\"@type\":\"Organization\",\"@id\":\"https:\/\/flowhms.com\/#organization\",\"name\":\"Flow HMS\",\"url\":\"https:\/\/flowhms.com\/\",\"logo\":{\"@type\":\"ImageObject\",\"inLanguage\":\"en-US\",\"@id\":\"https:\/\/flowhms.com\/#\/schema\/logo\/image\/\",\"url\":\"https:\/\/flowhms.com\/wp-content\/uploads\/2024\/10\/Flow_logo_lockup_color-1.png\",\"contentUrl\":\"https:\/\/flowhms.com\/wp-content\/uploads\/2024\/10\/Flow_logo_lockup_color-1.png\",\"width\":567,\"height\":174,\"caption\":\"Flow HMS\"},\"image\":{\"@id\":\"https:\/\/flowhms.com\/#\/schema\/logo\/image\/\"}}]}<\/script>\n<!-- \/ Yoast SEO Premium plugin. -->","yoast_head_json":{"title":"\u00dcgyfeleink - Flow HMS","robots":{"index":"index","follow":"follow","max-snippet":"max-snippet:-1","max-image-preview":"max-image-preview:large","max-video-preview":"max-video-preview:-1"},"canonical":"https:\/\/flowhms.com\/en\/ugyfeleink\/","og_locale":"en_US","og_type":"article","og_title":"\u00dcgyfeleink","og_description":"Ingyenes demo Aj\u00e1nlatunk &nbsp; Oktat\u00e1s &nbsp; Tud\u00e1sb\u00e1zis &nbsp; \u00c1raz\u00e1si tan\u00e1csad\u00e1s &nbsp; \u00dczemeltet\u00e9si k\u00e9zik\u00f6nyv","og_url":"https:\/\/flowhms.com\/en\/ugyfeleink\/","og_site_name":"Flow HMS","article_modified_time":"2024-12-23T08:42:36+00:00","og_image":[{"url":"https:\/\/flowhms.com\/wp-content\/uploads\/2024\/11\/Talking-Knowledge-300x300.png","type":"","width":"","height":""}],"twitter_card":"summary_large_image","schema":{"@context":"https:\/\/schema.org","@graph":[{"@type":"WebPage","@id":"https:\/\/flowhms.com\/ugyfeleink\/","url":"https:\/\/flowhms.com\/ugyfeleink\/","name":"\u00dcgyfeleink - Flow HMS","isPartOf":{"@id":"https:\/\/flowhms.com\/#website"},"primaryImageOfPage":{"@id":"https:\/\/flowhms.com\/ugyfeleink\/#primaryimage"},"image":{"@id":"https:\/\/flowhms.com\/ugyfeleink\/#primaryimage"},"thumbnailUrl":"https:\/\/flowhms.com\/wp-content\/uploads\/2024\/11\/Talking-Knowledge-300x300.png","datePublished":"2024-11-21T15:52:42+00:00","dateModified":"2024-12-23T08:42:36+00:00","breadcrumb":{"@id":"https:\/\/flowhms.com\/ugyfeleink\/#breadcrumb"},"inLanguage":"en-US","potentialAction":[{"@type":"ReadAction","target":["https:\/\/flowhms.com\/ugyfeleink\/"]}]},{"@type":"ImageObject","inLanguage":"en-US","@id":"https:\/\/flowhms.com\/ugyfeleink\/#primaryimage","url":"https:\/\/flowhms.com\/wp-content\/uploads\/2024\/11\/Talking-Knowledge-300x300.png","contentUrl":"https:\/\/flowhms.com\/wp-content\/uploads\/2024\/11\/Talking-Knowledge-300x300.png"},{"@type":"BreadcrumbList","@id":"https:\/\/flowhms.com\/ugyfeleink\/#breadcrumb","itemListElement":[{"@type":"ListItem","position":1,"name":"Kezd\u0151lap","item":"https:\/\/flowhms.com\/"},{"@type":"ListItem","position":2,"name":"\u00dcgyfeleink"}]},{"@type":"WebSite","@id":"https:\/\/flowhms.com\/#website","url":"https:\/\/flowhms.com\/","name":"Flow HMS","description":"","publisher":{"@id":"https:\/\/flowhms.com\/#organization"},"potentialAction":[{"@type":"SearchAction","target":{"@type":"EntryPoint","urlTemplate":"https:\/\/flowhms.com\/?s={search_term_string}"},"query-input":{"@type":"PropertyValueSpecification","valueRequired":true,"valueName":"search_term_string"}}],"inLanguage":"en-US"},{"@type":"Organization","@id":"https:\/\/flowhms.com\/#organization","name":"Flow HMS","url":"https:\/\/flowhms.com\/","logo":{"@type":"ImageObject","inLanguage":"en-US","@id":"https:\/\/flowhms.com\/#\/schema\/logo\/image\/","url":"https:\/\/flowhms.com\/wp-content\/uploads\/2024\/10\/Flow_logo_lockup_color-1.png","contentUrl":"https:\/\/flowhms.com\/wp-content\/uploads\/2024\/10\/Flow_logo_lockup_color-1.png","width":567,"height":174,"caption":"Flow HMS"},"image":{"@id":"https:\/\/flowhms.com\/#\/schema\/logo\/image\/"}}]}},"_links":{"self":[{"href":"https:\/\/flowhms.com\/en\/wp-json\/wp\/v2\/pages\/327","targetHints":{"allow":["GET"]}}],"collection":[{"href":"https:\/\/flowhms.com\/en\/wp-json\/wp\/v2\/pages"}],"about":[{"href":"https:\/\/flowhms.com\/en\/wp-json\/wp\/v2\/types\/page"}],"author":[{"embeddable":true,"href":"https:\/\/flowhms.com\/en\/wp-json\/wp\/v2\/users\/1"}],"replies":[{"embeddable":true,"href":"https:\/\/flowhms.com\/en\/wp-json\/wp\/v2\/comments?post=327"}],"version-history":[{"count":15,"href":"https:\/\/flowhms.com\/en\/wp-json\/wp\/v2\/pages\/327\/revisions"}],"predecessor-version":[{"id":733,"href":"https:\/\/flowhms.com\/en\/wp-json\/wp\/v2\/pages\/327\/revisions\/733"}],"wp:attachment":[{"href":"https:\/\/flowhms.com\/en\/wp-json\/wp\/v2\/media?parent=327"}],"curies":[{"name":"wp","href":"https:\/\/api.w.org\/{rel}","templated":true}]}}