{"id":399,"date":"2024-11-21T17:40:41","date_gmt":"2024-11-21T16:40:41","guid":{"rendered":"https:\/\/flowhms.com\/?page_id=399"},"modified":"2025-07-25T15:03:17","modified_gmt":"2025-07-25T13:03:17","slug":"kapcsolat","status":"publish","type":"page","link":"https:\/\/flowhms.com\/en\/kapcsolat\/","title":{"rendered":"Contact"},"content":{"rendered":"<div data-elementor-type=\"wp-page\" data-elementor-id=\"399\" class=\"elementor elementor-399\" data-elementor-post-type=\"page\">\n\t\t\t\t<div class=\"elementor-element elementor-element-e2e1372 e-con-full e-flex e-con e-parent\" data-id=\"e2e1372\" data-element_type=\"container\">\n\t\t<div class=\"elementor-element elementor-element-2bf54e9 e-con-full e-flex e-con e-child\" data-id=\"2bf54e9\" data-element_type=\"container\" data-settings=\"{&quot;background_background&quot;:&quot;classic&quot;}\">\n\t\t\t\t<div class=\"elementor-element elementor-element-fc0078b elementor-widget elementor-widget-heading\" data-id=\"fc0078b\" data-element_type=\"widget\" data-widget_type=\"heading.default\">\n\t\t\t\t<div class=\"elementor-widget-container\">\n\t\t\t\t\t<h1 class=\"elementor-heading-title elementor-size-default\">Get in contact with us<\/h1>\t\t\t\t<\/div>\n\t\t\t\t<\/div>\n\t\t\t\t<div class=\"elementor-element elementor-element-0f99673 elementor-widget elementor-widget-html\" data-id=\"0f99673\" data-element_type=\"widget\" data-widget_type=\"html.default\">\n\t\t\t\t<div class=\"elementor-widget-container\">\n\t\t\t\t\t<script src=\"https:\/\/js.hsforms.net\/forms\/embed\/6274833.js\" defer><\/script>\n<div class=\"hs-form-frame\" data-region=\"na1\" data-form-id=\"ad8a87d1-2936-4138-918a-ebb440ff7ca7\" data-portal-id=\"6274833\"><\/div>\t\t\t\t<\/div>\n\t\t\t\t<\/div>\n\t\t\t\t<div class=\"elementor-element elementor-element-0823f92 elementor-widget__width-initial elementor-hidden-desktop elementor-hidden-tablet elementor-hidden-mobile elementor-button-align-stretch elementor-widget elementor-widget-form\" data-id=\"0823f92\" data-element_type=\"widget\" id=\"my-form\" data-settings=\"{&quot;button_width&quot;:&quot;25&quot;,&quot;step_next_label&quot;:&quot;K\\u00f6vetkez\\u0151&quot;,&quot;step_previous_label&quot;:&quot;El\\u0151z\\u0151&quot;,&quot;dce_confirm_dialog_enabled&quot;:&quot;no&quot;,&quot;step_type&quot;:&quot;number_text&quot;,&quot;step_icon_shape&quot;:&quot;circle&quot;,&quot;label_icon_size&quot;:{&quot;unit&quot;:&quot;px&quot;,&quot;size&quot;:&quot;&quot;,&quot;sizes&quot;:[]},&quot;field_icon_size&quot;:{&quot;unit&quot;:&quot;px&quot;,&quot;size&quot;:&quot;&quot;,&quot;sizes&quot;:[]}}\" data-widget_type=\"form.default\">\n\t\t\t\t<div class=\"elementor-widget-container\">\n\t\t\t\t\t\t\t<form class=\"elementor-form\" method=\"post\" name=\"Elementor Contact Form\" action=\"\">\n\t\t\t<input type=\"hidden\" name=\"post_id\" value=\"399\"\/>\n\t\t\t<input type=\"hidden\" name=\"form_id\" value=\"0823f92\"\/>\n\t\t\t<input type=\"hidden\" name=\"referer_title\" value=\"Kapcsolat - Flow HMS\" \/>\n\n\t\t\t\t\t\t\t<input type=\"hidden\" name=\"queried_id\" value=\"399\"\/>\n\t\t\t\n\t\t\t<div class=\"elementor-form-fields-wrapper elementor-labels-above\">\n\t\t\t\t\t\t\t\t<div class=\"elementor-field-type-text elementor-field-group elementor-column elementor-field-group-name elementor-col-50 elementor-field-required\">\n\t\t\t\t\t\t\t\t\t\t\t\t<label for=\"form-field-name\" class=\"elementor-field-label\">\n\t\t\t\t\t\t\t\tFirst Name\t\t\t\t\t\t\t<\/label>\n\t\t\t\t\t\t\t\t\t\t\t\t\t\t<input size=\"1\" type=\"text\" name=\"form_fields[name]\" id=\"form-field-name\" class=\"elementor-field elementor-size-sm  elementor-field-textual\" required=\"required\">\n\t\t\t\t\t\t\t\t\t\t\t<\/div>\n\t\t\t\t\t\t\t\t<div class=\"elementor-field-type-text elementor-field-group elementor-column elementor-field-group-field_f6c1dcb elementor-col-50 elementor-field-required\">\n\t\t\t\t\t\t\t\t\t\t\t\t<label for=\"form-field-field_f6c1dcb\" class=\"elementor-field-label\">\n\t\t\t\t\t\t\t\tLast name\t\t\t\t\t\t\t<\/label>\n\t\t\t\t\t\t\t\t\t\t\t\t\t\t<input size=\"1\" type=\"text\" name=\"form_fields[field_f6c1dcb]\" id=\"form-field-field_f6c1dcb\" class=\"elementor-field elementor-size-sm  elementor-field-textual\" required=\"required\">\n\t\t\t\t\t\t\t\t\t\t\t<\/div>\n\t\t\t\t\t\t\t\t<div class=\"elementor-field-type-email elementor-field-group elementor-column elementor-field-group-email elementor-col-100 elementor-field-required\">\n\t\t\t\t\t\t\t\t\t\t\t\t<label for=\"form-field-email\" class=\"elementor-field-label\">\n\t\t\t\t\t\t\t\tEmail\t\t\t\t\t\t\t<\/label>\n\t\t\t\t\t\t\t\t\t\t\t\t\t\t<input size=\"1\" type=\"email\" name=\"form_fields[email]\" id=\"form-field-email\" class=\"elementor-field elementor-size-sm  elementor-field-textual\" required=\"required\">\n\t\t\t\t\t\t\t\t\t\t\t<\/div>\n\t\t\t\t\t\t\t\t<div class=\"elementor-field-type-tel elementor-field-group elementor-column elementor-field-group-field_5930506 elementor-col-100 elementor-field-required\">\n\t\t\t\t\t\t\t\t\t\t\t\t<label for=\"form-field-field_5930506\" class=\"elementor-field-label\">\n\t\t\t\t\t\t\t\tPhone number\t\t\t\t\t\t\t<\/label>\n\t\t\t\t\t\t\t\t<input size=\"1\" type=\"tel\" name=\"form_fields[field_5930506]\" id=\"form-field-field_5930506\" class=\"elementor-field elementor-size-sm  elementor-field-textual\" required=\"required\" pattern=\"[0-9()#&amp;+*-=.]+\" title=\"Only numbers and phone characters (#, -, *, etc) are accepted.\">\n\n\t\t\t\t\t\t<\/div>\n\t\t\t\t\t\t\t\t<div class=\"elementor-field-type-textarea elementor-field-group elementor-column elementor-field-group-message elementor-col-100\">\n\t\t\t\t\t\t\t\t\t\t\t\t<label for=\"form-field-message\" class=\"elementor-field-label\">\n\t\t\t\t\t\t\t\tWrite your message here\t\t\t\t\t\t\t<\/label>\n\t\t\t\t\t\t<textarea class=\"elementor-field-textual elementor-field  elementor-size-sm\" name=\"form_fields[message]\" id=\"form-field-message\" rows=\"4\"><\/textarea>\t\t\t\t<\/div>\n\t\t\t\t\t\t\t\t<div class=\"elementor-field-type-acceptance elementor-field-group elementor-column elementor-field-group-field_3b6c370 elementor-col-100 elementor-field-required\">\n\t\t\t\t\t\t\t<div class=\"elementor-field-subgroup\">\n\t\t\t<span class=\"elementor-field-option\">\n\t\t\t\t<input type=\"checkbox\" name=\"form_fields[field_3b6c370]\" id=\"form-field-field_3b6c370\" class=\"elementor-field elementor-size-sm  elementor-acceptance-field\" required=\"required\">\n\t\t\t\t<label for=\"form-field-field_3b6c370\">A K\u00fcld\u00e9s gombra kattintva elfogadod, hogy az \u00e1ltalad megadott adatokat a Flow HMS <a href=\"\/en\/adatvedelmi-szabalyzat\/\" target=\"_blank\">Adatv\u00e9delmi Szab\u00e1lyzat\u00e1nak<\/a> megfelel\u0151en kezelj\u00fck.\n<\/label>\t\t\t<\/span>\n\t\t<\/div>\n\t\t\t\t\t\t<\/div>\n\t\t\t\t\t\t\t\t<div class=\"elementor-field-type-dce_unique_id elementor-field-group elementor-column elementor-field-group-unique_id elementor-col-100\">\n\t\t\t\t\t<input type=\"hidden\" name=\"form_fields[unique_id]\" id=\"form-field-unique_id\" class=\"elementor-field elementor-size-sm\" value=\"This field value is not available before submit\">\t\t\t\t<\/div>\n\t\t\t\t\t\t\t\t<div class=\"elementor-field-group elementor-column elementor-field-type-submit elementor-col-25 e-form__buttons\">\n\t\t\t\t\t<button class=\"elementor-button elementor-size-sm\" type=\"submit\">\n\t\t\t\t\t\t<span class=\"elementor-button-content-wrapper\">\n\t\t\t\t\t\t\t\t\t\t\t\t\t\t\t\t\t\t\t\t\t\t<span class=\"elementor-button-text\">Submit<\/span>\n\t\t\t\t\t\t\t\t\t\t\t\t\t<\/span>\n\t\t\t\t\t<\/button>\n\t\t\t\t<\/div>\n\t\t\t<\/div>\n\t\t<input type=\"hidden\" name=\"trp-form-language\" value=\"en\"\/><\/form>\n\t\t\t\t\t\t<\/div>\n\t\t\t\t<\/div>\n\t\t\t\t<div class=\"elementor-element elementor-element-ef96071 elementor-widget elementor-widget-html\" data-id=\"ef96071\" data-element_type=\"widget\" data-widget_type=\"html.default\">\n\t\t\t\t<div class=\"elementor-widget-container\">\n\t\t\t\t\t<script>\n  if (typeof jQuery === 'undefined') {\n    console.log('jQuery nincs bet\u00f6ltve!');\n  } else {\n    jQuery(document).ready(function($) {\n      \/\/ Ellen\u0151rizz\u00fck, hogy az \u0171rlap l\u00e9tezik-e\n      if ($('#my-form').length) {\n        console.log('\u0170rlap megtal\u00e1lva: #my-form');\n      } else {\n        console.log('\u0170rlap NEM tal\u00e1lhat\u00f3: #my-form - Ellen\u0151rizd az \u0171rlap CSS ID-j\u00e1t!');\n      }\n\n      \/\/ Sikeres elk\u00fcld\u00e9s lehallgat\u00e1sa\n      $(document).on('submit_success', '#my-form', function(event, response) {\n        console.log('Sikeres \u0171rlap elk\u00fcld\u00e9s esem\u00e9ny elindult');\n        console.log('Teljes Ajax v\u00e1lasz:', response);\n\n        \/\/ Submission ID kinyer\u00e9se\n        var submissionId = 'unique_id';\n        if (response && response.data && response.data.submission_id) {\n          submissionId = response.data.submission_id;\n          console.log('Submission ID sikeresen kinyerve:', submissionId);\n        } else {\n          console.log('Submission ID nem tal\u00e1lhat\u00f3 a v\u00e1laszban!');\n        }\n\n        \/\/ dataLayer push\n        dataLayer = window.dataLayer || [];\n        dataLayer.push({\n          event: 'formSubmission',\n          formSubmissionId: submissionId\n        });\n        console.log('dataLayer updated:', dataLayer);\n\n        \/\/ \u00c1tir\u00e1ny\u00edt\u00e1s\n        window.location.href = '\/koszonjuk';\n      });\n    });\n  }\n<\/script>\t\t\t\t<\/div>\n\t\t\t\t<\/div>\n\t\t\t\t<\/div>\n\t\t\t\t<\/div>\n\t\t\t\t<\/div>","protected":false},"excerpt":{"rendered":"<p>Get in contact with us<\/p>","protected":false},"author":1,"featured_media":0,"parent":0,"menu_order":0,"comment_status":"closed","ping_status":"closed","template":"","meta":{"_acf_changed":false,"footnotes":""},"class_list":["post-399","page","type-page","status-publish","hentry"],"acf":[],"yoast_head":"<!-- This site is optimized with the Yoast SEO Premium plugin v24.2 (Yoast SEO v24.2) - https:\/\/yoast.com\/wordpress\/plugins\/seo\/ -->\n<title>Kapcsolat - Flow HMS<\/title>\n<meta name=\"robots\" content=\"index, follow, max-snippet:-1, max-image-preview:large, max-video-preview:-1\" \/>\n<link rel=\"canonical\" href=\"https:\/\/flowhms.com\/en\/kapcsolat\/\" \/>\n<meta property=\"og:locale\" content=\"en_US\" \/>\n<meta property=\"og:type\" content=\"article\" \/>\n<meta property=\"og:title\" content=\"Kapcsolat\" \/>\n<meta property=\"og:description\" content=\"L\u00e9pjen vel\u00fcnk kapcsolatba\" \/>\n<meta property=\"og:url\" content=\"https:\/\/flowhms.com\/en\/kapcsolat\/\" \/>\n<meta property=\"og:site_name\" content=\"Flow HMS\" \/>\n<meta property=\"article:modified_time\" content=\"2025-07-25T13:03:17+00:00\" \/>\n<meta name=\"twitter:card\" content=\"summary_large_image\" \/>\n<meta name=\"twitter:label1\" content=\"Est. reading time\" \/>\n\t<meta name=\"twitter:data1\" content=\"1 minute\" \/>\n<script type=\"application\/ld+json\" class=\"yoast-schema-graph\">{\"@context\":\"https:\/\/schema.org\",\"@graph\":[{\"@type\":\"WebPage\",\"@id\":\"https:\/\/flowhms.com\/kapcsolat\/\",\"url\":\"https:\/\/flowhms.com\/kapcsolat\/\",\"name\":\"Kapcsolat - Flow HMS\",\"isPartOf\":{\"@id\":\"https:\/\/flowhms.com\/#website\"},\"datePublished\":\"2024-11-21T16:40:41+00:00\",\"dateModified\":\"2025-07-25T13:03:17+00:00\",\"breadcrumb\":{\"@id\":\"https:\/\/flowhms.com\/kapcsolat\/#breadcrumb\"},\"inLanguage\":\"en-US\",\"potentialAction\":[{\"@type\":\"ReadAction\",\"target\":[\"https:\/\/flowhms.com\/kapcsolat\/\"]}]},{\"@type\":\"BreadcrumbList\",\"@id\":\"https:\/\/flowhms.com\/kapcsolat\/#breadcrumb\",\"itemListElement\":[{\"@type\":\"ListItem\",\"position\":1,\"name\":\"Kezd\u0151lap\",\"item\":\"https:\/\/flowhms.com\/\"},{\"@type\":\"ListItem\",\"position\":2,\"name\":\"Kapcsolat\"}]},{\"@type\":\"WebSite\",\"@id\":\"https:\/\/flowhms.com\/#website\",\"url\":\"https:\/\/flowhms.com\/\",\"name\":\"Flow HMS\",\"description\":\"\",\"publisher\":{\"@id\":\"https:\/\/flowhms.com\/#organization\"},\"potentialAction\":[{\"@type\":\"SearchAction\",\"target\":{\"@type\":\"EntryPoint\",\"urlTemplate\":\"https:\/\/flowhms.com\/?s={search_term_string}\"},\"query-input\":{\"@type\":\"PropertyValueSpecification\",\"valueRequired\":true,\"valueName\":\"search_term_string\"}}],\"inLanguage\":\"en-US\"},{\"@type\":\"Organization\",\"@id\":\"https:\/\/flowhms.com\/#organization\",\"name\":\"Flow HMS\",\"url\":\"https:\/\/flowhms.com\/\",\"logo\":{\"@type\":\"ImageObject\",\"inLanguage\":\"en-US\",\"@id\":\"https:\/\/flowhms.com\/#\/schema\/logo\/image\/\",\"url\":\"https:\/\/flowhms.com\/wp-content\/uploads\/2024\/10\/Flow_logo_lockup_color-1.png\",\"contentUrl\":\"https:\/\/flowhms.com\/wp-content\/uploads\/2024\/10\/Flow_logo_lockup_color-1.png\",\"width\":567,\"height\":174,\"caption\":\"Flow HMS\"},\"image\":{\"@id\":\"https:\/\/flowhms.com\/#\/schema\/logo\/image\/\"}}]}<\/script>\n<!-- \/ Yoast SEO Premium plugin. -->","yoast_head_json":{"title":"Kapcsolat - Flow HMS","robots":{"index":"index","follow":"follow","max-snippet":"max-snippet:-1","max-image-preview":"max-image-preview:large","max-video-preview":"max-video-preview:-1"},"canonical":"https:\/\/flowhms.com\/en\/kapcsolat\/","og_locale":"en_US","og_type":"article","og_title":"Kapcsolat","og_description":"L\u00e9pjen vel\u00fcnk kapcsolatba","og_url":"https:\/\/flowhms.com\/en\/kapcsolat\/","og_site_name":"Flow HMS","article_modified_time":"2025-07-25T13:03:17+00:00","twitter_card":"summary_large_image","twitter_misc":{"Est. reading time":"1 minute"},"schema":{"@context":"https:\/\/schema.org","@graph":[{"@type":"WebPage","@id":"https:\/\/flowhms.com\/kapcsolat\/","url":"https:\/\/flowhms.com\/kapcsolat\/","name":"Kapcsolat - Flow HMS","isPartOf":{"@id":"https:\/\/flowhms.com\/#website"},"datePublished":"2024-11-21T16:40:41+00:00","dateModified":"2025-07-25T13:03:17+00:00","breadcrumb":{"@id":"https:\/\/flowhms.com\/kapcsolat\/#breadcrumb"},"inLanguage":"en-US","potentialAction":[{"@type":"ReadAction","target":["https:\/\/flowhms.com\/kapcsolat\/"]}]},{"@type":"BreadcrumbList","@id":"https:\/\/flowhms.com\/kapcsolat\/#breadcrumb","itemListElement":[{"@type":"ListItem","position":1,"name":"Kezd\u0151lap","item":"https:\/\/flowhms.com\/"},{"@type":"ListItem","position":2,"name":"Kapcsolat"}]},{"@type":"WebSite","@id":"https:\/\/flowhms.com\/#website","url":"https:\/\/flowhms.com\/","name":"Flow HMS","description":"","publisher":{"@id":"https:\/\/flowhms.com\/#organization"},"potentialAction":[{"@type":"SearchAction","target":{"@type":"EntryPoint","urlTemplate":"https:\/\/flowhms.com\/?s={search_term_string}"},"query-input":{"@type":"PropertyValueSpecification","valueRequired":true,"valueName":"search_term_string"}}],"inLanguage":"en-US"},{"@type":"Organization","@id":"https:\/\/flowhms.com\/#organization","name":"Flow HMS","url":"https:\/\/flowhms.com\/","logo":{"@type":"ImageObject","inLanguage":"en-US","@id":"https:\/\/flowhms.com\/#\/schema\/logo\/image\/","url":"https:\/\/flowhms.com\/wp-content\/uploads\/2024\/10\/Flow_logo_lockup_color-1.png","contentUrl":"https:\/\/flowhms.com\/wp-content\/uploads\/2024\/10\/Flow_logo_lockup_color-1.png","width":567,"height":174,"caption":"Flow HMS"},"image":{"@id":"https:\/\/flowhms.com\/#\/schema\/logo\/image\/"}}]}},"_links":{"self":[{"href":"https:\/\/flowhms.com\/en\/wp-json\/wp\/v2\/pages\/399","targetHints":{"allow":["GET"]}}],"collection":[{"href":"https:\/\/flowhms.com\/en\/wp-json\/wp\/v2\/pages"}],"about":[{"href":"https:\/\/flowhms.com\/en\/wp-json\/wp\/v2\/types\/page"}],"author":[{"embeddable":true,"href":"https:\/\/flowhms.com\/en\/wp-json\/wp\/v2\/users\/1"}],"replies":[{"embeddable":true,"href":"https:\/\/flowhms.com\/en\/wp-json\/wp\/v2\/comments?post=399"}],"version-history":[{"count":80,"href":"https:\/\/flowhms.com\/en\/wp-json\/wp\/v2\/pages\/399\/revisions"}],"predecessor-version":[{"id":1104,"href":"https:\/\/flowhms.com\/en\/wp-json\/wp\/v2\/pages\/399\/revisions\/1104"}],"wp:attachment":[{"href":"https:\/\/flowhms.com\/en\/wp-json\/wp\/v2\/media?parent=399"}],"curies":[{"name":"wp","href":"https:\/\/api.w.org\/{rel}","templated":true}]}}